{"id":1913,"date":"2024-12-18T18:21:51","date_gmt":"2024-12-18T17:21:51","guid":{"rendered":"https:\/\/www.ingproducts.it\/informazioni-sullo-smaltimento\/"},"modified":"2024-12-19T10:06:06","modified_gmt":"2024-12-19T09:06:06","slug":"pack-disposal","status":"publish","type":"page","link":"https:\/\/www.ingproducts.it\/fr\/pack-disposal\/","title":{"rendered":"Informations sur l&rsquo;\u00e9limination"},"content":{"rendered":"<p>V\u00e9rifiez la r\u00e9glementation en vigueur dans votre commune<\/p>\n","protected":false},"excerpt":{"rendered":"<p>V\u00e9rifiez la r\u00e9glementation en vigueur dans votre commune<\/p>\n","protected":false},"author":1,"featured_media":0,"parent":0,"menu_order":0,"comment_status":"closed","ping_status":"closed","template":"page_SMALTIMENTO.php","meta":{"_acf_changed":false,"rank_math_lock_modified_date":false,"footnotes":""},"class_list":["post-1913","page","type-page","status-publish","hentry"],"acf":[],"_links":{"self":[{"href":"https:\/\/www.ingproducts.it\/fr\/wp-json\/wp\/v2\/pages\/1913","targetHints":{"allow":["GET"]}}],"collection":[{"href":"https:\/\/www.ingproducts.it\/fr\/wp-json\/wp\/v2\/pages"}],"about":[{"href":"https:\/\/www.ingproducts.it\/fr\/wp-json\/wp\/v2\/types\/page"}],"author":[{"embeddable":true,"href":"https:\/\/www.ingproducts.it\/fr\/wp-json\/wp\/v2\/users\/1"}],"replies":[{"embeddable":true,"href":"https:\/\/www.ingproducts.it\/fr\/wp-json\/wp\/v2\/comments?post=1913"}],"version-history":[{"count":2,"href":"https:\/\/www.ingproducts.it\/fr\/wp-json\/wp\/v2\/pages\/1913\/revisions"}],"predecessor-version":[{"id":1918,"href":"https:\/\/www.ingproducts.it\/fr\/wp-json\/wp\/v2\/pages\/1913\/revisions\/1918"}],"wp:attachment":[{"href":"https:\/\/www.ingproducts.it\/fr\/wp-json\/wp\/v2\/media?parent=1913"}],"curies":[{"name":"wp","href":"https:\/\/api.w.org\/{rel}","templated":true}]}}